{"id":1316,"date":"2022-07-25T10:29:46","date_gmt":"2022-07-25T03:29:46","guid":{"rendered":"https:\/\/aep.neu.edu.vn\/lien-he\/"},"modified":"2025-09-07T15:42:12","modified_gmt":"2025-09-07T08:42:12","slug":"lien-he","status":"publish","type":"page","link":"https:\/\/aep.neu.edu.vn\/en\/lien-he\/","title":{"rendered":"CONTACT"},"content":{"rendered":"<h3 style=\"text-align: center;\"><\/h3>\n<table class=\"MsoNormalTable\" style=\"width: 100%; margin-left: .5pt; border-collapse: collapse; border: none; mso-border-alt: solid windowtext .5pt; mso-yfti-tbllook: 1184; mso-padding-alt: 0cm 5.4pt 0cm 5.4pt; mso-border-insideh: .5pt solid windowtext; mso-border-insidev: .5pt solid windowtext;\" border=\"1\" width=\"757\" cellspacing=\"0\" cellpadding=\"0\">\n<tbody>\n<tr style=\"mso-yfti-irow: 0; mso-yfti-firstrow: yes; height: 15.0pt;\">\n<td style=\"width: 100%; border: none; padding: 0cm 5.4pt 0cm 5.4pt; height: 15.0pt;\" colspan=\"5\" nowrap=\"nowrap\" width=\"757\">\n<table style=\"border-collapse: collapse; width: 100%;\" border=\"0\" width=\"807\" cellspacing=\"0\" cellpadding=\"0\">\n<colgroup>\n<col style=\"mso-width-source: userset; mso-width-alt: 1572; width: 32pt;\" width=\"43\" \/>\n<col style=\"mso-width-source: userset; mso-width-alt: 8338; width: 171pt;\" span=\"2\" width=\"228\" \/>\n<col style=\"mso-width-source: userset; mso-width-alt: 2925; width: 60pt;\" width=\"80\" \/>\n<col style=\"mso-width-source: userset; mso-width-alt: 8338; width: 171pt;\" width=\"228\" \/> <\/colgroup>\n<tbody>\n<tr style=\"height: 15.0pt;\">\n<td class=\"xl66\" style=\"height: 15pt; width: 32pt; text-align: center;\" width=\"43\" height=\"20\">No<\/td>\n<td class=\"xl67\" style=\"width: 171pt; text-align: center;\" width=\"228\">Full name<\/td>\n<td class=\"xl67\" style=\"width: 171pt; text-align: center;\" width=\"228\">Position<\/td>\n<td class=\"xl67\" style=\"width: 60pt; text-align: center;\" width=\"80\">Ext<\/td>\n<td class=\"xl67\" style=\"width: 171pt; text-align: center;\" width=\"228\">Email<\/td>\n<\/tr>\n<tr style=\"height: 15.0pt;\">\n<td class=\"xl64\" style=\"height: 15pt; width: 32pt; text-align: center;\" width=\"43\" height=\"20\">1<\/td>\n<td class=\"xl65\" style=\"width: 171pt; text-align: center;\" width=\"228\">V\u0169 V\u0103n Ng\u1ecdc<\/td>\n<td class=\"xl65\" style=\"width: 171pt; text-align: center;\" width=\"228\">Dean<\/td>\n<td class=\"xl65\" style=\"width: 60pt; text-align: center;\" width=\"80\">5323<\/td>\n<td class=\"xl68\" style=\"width: 171pt; text-align: center;\" width=\"228\">ngocvv@neu.edu.vn<\/td>\n<\/tr>\n<tr style=\"mso-height-source: userset; height: 19.5pt;\">\n<td class=\"xl64\" style=\"height: 19.5pt; width: 32pt; text-align: center;\" width=\"43\" height=\"26\">2<\/td>\n<td class=\"xl65\" style=\"width: 171pt; text-align: center;\" width=\"228\">V\u0169 Ho\u00e0ng Nam<\/td>\n<td class=\"xl65\" style=\"width: 171pt; text-align: center;\" width=\"228\">Vice Dean<\/td>\n<td class=\"xl65\" style=\"width: 60pt; text-align: center;\" width=\"80\">5314<\/td>\n<td class=\"xl68\" style=\"width: 171pt; text-align: center;\" width=\"228\">namvh@neu.edu.vn<\/td>\n<\/tr>\n<tr style=\"height: 15.0pt;\">\n<td class=\"xl64\" style=\"height: 15pt; width: 32pt; text-align: center;\" width=\"43\" height=\"20\">3<\/td>\n<td class=\"xl65\" style=\"width: 171pt; text-align: center;\" width=\"228\">Ph\u1ea1m \u0110an Kh\u00e1nh<\/td>\n<td class=\"xl65\" style=\"width: 171pt; text-align: center;\" width=\"228\">Vice Dean<\/td>\n<td class=\"xl65\" style=\"width: 60pt; text-align: center;\" width=\"80\">5320<\/td>\n<td class=\"xl68\" style=\"width: 171pt; text-align: center;\" width=\"228\">khanhpd@neu.edu.vn<\/td>\n<\/tr>\n<tr style=\"height: 15.0pt;\">\n<td class=\"xl64\" style=\"height: 15pt; width: 32pt; text-align: center;\" width=\"43\" height=\"20\">4<\/td>\n<td class=\"xl65\" style=\"width: 171pt; text-align: center;\" width=\"228\">Nguy\u1ec5n Thanh Quy\u00ean<\/td>\n<td class=\"xl65\" style=\"width: 171pt; text-align: center;\" width=\"228\">Coordinator<\/td>\n<td class=\"xl65\" style=\"width: 60pt; text-align: center;\" width=\"80\">5319<\/td>\n<td class=\"xl68\" style=\"width: 171pt; text-align: center;\" width=\"228\">quyennt@neu.edu.vn<\/td>\n<\/tr>\n<tr style=\"height: 15.0pt;\">\n<td class=\"xl64\" style=\"height: 15pt; width: 32pt; text-align: center;\" width=\"43\" height=\"20\">5<\/td>\n<td class=\"xl65\" style=\"width: 171pt; text-align: center;\" width=\"228\">Nguy\u1ec5n Th\u1ecb Thu H\u00e0<\/td>\n<td class=\"xl65\" style=\"width: 171pt; text-align: center;\" width=\"228\">Coordinator<\/td>\n<td class=\"xl65\" style=\"width: 60pt; text-align: center;\" width=\"80\">5321<\/td>\n<td class=\"xl68\" style=\"width: 171pt; text-align: center;\" width=\"228\">hantt@neu.edu.vn<\/td>\n<\/tr>\n<tr style=\"height: 15.0pt;\">\n<td class=\"xl64\" style=\"height: 15pt; width: 32pt; text-align: center;\" width=\"43\" height=\"20\">6<\/td>\n<td class=\"xl65\" style=\"width: 171pt; text-align: center;\" width=\"228\">Tr\u1ea7n Th\u1ecb Mai Anh<\/td>\n<td class=\"xl65\" style=\"width: 171pt; text-align: center;\" width=\"228\">Coordinator<\/td>\n<td class=\"xl65\" style=\"width: 60pt; text-align: center;\" width=\"80\">5319<\/td>\n<td class=\"xl68\" style=\"width: 171pt; text-align: center;\" width=\"228\">anhtm@neu.edu.vn<\/td>\n<\/tr>\n<tr style=\"height: 15.0pt;\">\n<td class=\"xl64\" style=\"height: 15pt; width: 32pt; text-align: center;\" width=\"43\" height=\"20\">7<\/td>\n<td class=\"xl65\" style=\"width: 171pt; text-align: center;\" width=\"228\">Ng\u00f4 Kim Ph\u01b0\u1ee3ng<\/td>\n<td class=\"xl65\" style=\"width: 171pt; text-align: center;\" width=\"228\">Coordinator<\/td>\n<td class=\"xl65\" style=\"width: 60pt; text-align: center;\" width=\"80\">5321<\/td>\n<td class=\"xl69\" style=\"text-align: center;\">phuongnk@neu.edu.vn<\/td>\n<\/tr>\n<tr style=\"height: 15.0pt;\">\n<td class=\"xl64\" style=\"height: 15pt; width: 32pt; text-align: center;\" width=\"43\" height=\"20\">8<\/td>\n<td class=\"xl65\" style=\"width: 171pt; text-align: center;\" width=\"228\">\u0110\u1eb7ng Th\u1ecb Thu H\u1eb1ng<\/td>\n<td class=\"xl65\" style=\"width: 171pt; text-align: center;\" width=\"228\">Coordinator<\/td>\n<td class=\"xl65\" style=\"width: 60pt; text-align: center;\" width=\"80\">5330<\/td>\n<td class=\"xl68\" style=\"width: 171pt; text-align: center;\" width=\"228\">thuhang@neu.edu.vn<\/td>\n<\/tr>\n<tr style=\"height: 15.0pt;\">\n<td class=\"xl64\" style=\"height: 15pt; width: 32pt; text-align: center;\" width=\"43\" height=\"20\">9<\/td>\n<td class=\"xl65\" style=\"width: 171pt; text-align: center;\" width=\"228\">Ho\u00e0ng T\u1ed1 Loan<\/td>\n<td class=\"xl65\" style=\"width: 171pt; text-align: center;\" width=\"228\">Coordinator<\/td>\n<td class=\"xl65\" style=\"width: 60pt; text-align: center;\" width=\"80\">5328<\/td>\n<td class=\"xl68\" style=\"width: 171pt; text-align: center;\" width=\"228\">loanht@neu.edu.vn<\/td>\n<\/tr>\n<tr style=\"height: 15.0pt;\">\n<td class=\"xl64\" style=\"height: 15pt; width: 32pt; text-align: center;\" width=\"43\" height=\"20\">10<\/td>\n<td class=\"xl65\" style=\"width: 171pt; text-align: center;\" width=\"228\">Ho\u00e0ng Th\u1ecb Ng\u1ecdc Th\u1ee7y<\/td>\n<td class=\"xl65\" style=\"width: 171pt; text-align: center;\" width=\"228\">Coordinator<\/td>\n<td class=\"xl65\" style=\"width: 60pt; text-align: center;\" width=\"80\">5329<\/td>\n<td class=\"xl68\" style=\"width: 171pt; text-align: center;\" width=\"228\">ngoccttt@neu.edu.vn<\/td>\n<\/tr>\n<tr style=\"height: 15.0pt;\">\n<td class=\"xl64\" style=\"height: 15pt; width: 32pt; text-align: center;\" width=\"43\" height=\"20\">11<\/td>\n<td class=\"xl65\" style=\"width: 171pt; text-align: center;\" width=\"228\">Giao Ho\u00e0ng Y\u1ebfn<\/td>\n<td class=\"xl65\" style=\"width: 171pt; text-align: center;\" width=\"228\">Coordinator<\/td>\n<td class=\"xl65\" style=\"width: 60pt; text-align: center;\" width=\"80\">5329<\/td>\n<td class=\"xl68\" style=\"width: 171pt; text-align: center;\" width=\"228\">yength@neu.edu.vn<\/td>\n<\/tr>\n<tr style=\"height: 24.0pt;\">\n<td class=\"xl64\" style=\"height: 24pt; width: 32pt; text-align: center;\" width=\"43\" height=\"32\">12<\/td>\n<td class=\"xl65\" style=\"width: 171pt; text-align: center;\" width=\"228\">Ph\u1ea1m V\u0169 Anh<\/td>\n<td class=\"xl65\" style=\"width: 171pt; text-align: center;\" width=\"228\">Coordinator<\/td>\n<td class=\"xl65\" style=\"width: 60pt; text-align: center;\" width=\"80\">5324<\/td>\n<td class=\"xl68\" style=\"width: 171pt; text-align: center;\" width=\"228\"><span style=\"line-height: 12.84px;\">anhpv@neu.edu.vn<\/span><\/td>\n<\/tr>\n<tr style=\"height: 15.0pt;\">\n<td class=\"xl64\" style=\"height: 15pt; width: 32pt; text-align: center;\" width=\"43\" height=\"20\"><span style=\"line-height: 12.84px;\">13<\/span><\/td>\n<td class=\"xl65\" style=\"width: 171pt; text-align: center;\" width=\"228\">Ph\u1ea1m Th\u00fay Oanh<\/td>\n<td class=\"xl65\" style=\"width: 171pt; text-align: center;\" width=\"228\">Coordinator<\/td>\n<td class=\"xl65\" style=\"width: 60pt; text-align: center;\" width=\"80\">5311<\/td>\n<td class=\"xl68\" style=\"width: 171pt; text-align: center;\" width=\"228\">oanhpt@neu.edu.vn<\/td>\n<\/tr>\n<tr style=\"height: 15.0pt;\">\n<td class=\"xl64\" style=\"height: 15pt; width: 32pt; text-align: center;\" width=\"43\" height=\"20\">14<\/td>\n<td class=\"xl65\" style=\"width: 171pt; text-align: center;\" width=\"228\">Nguy\u1ec5n Minh Ch\u00e2u<\/td>\n<td class=\"xl65\" style=\"width: 171pt; text-align: center;\" width=\"228\">Coordinator<\/td>\n<td class=\"xl65\" style=\"width: 60pt; text-align: center;\" width=\"80\">5312<\/td>\n<td class=\"xl68\" style=\"width: 171pt; text-align: center;\" width=\"228\">chaunm@neu.edu.vn<\/td>\n<\/tr>\n<tr style=\"height: 15.0pt;\">\n<td class=\"xl64\" style=\"height: 15pt; width: 32pt; text-align: center;\" width=\"43\" height=\"20\">15<\/td>\n<td class=\"xl65\" style=\"width: 171pt; text-align: center;\" width=\"228\">L\u1ea1i S\u01a1n T\u00f9ng<\/td>\n<td class=\"xl65\" style=\"width: 171pt; text-align: center;\" width=\"228\">Coordinator<\/td>\n<td class=\"xl65\" style=\"width: 60pt; text-align: center;\" width=\"80\">5311<\/td>\n<td class=\"xl68\" style=\"width: 171pt; text-align: center;\" width=\"228\"><span style=\"line-height: 12.84px;\">tungls@neu.edu.vn<\/span><\/td>\n<\/tr>\n<tr style=\"height: 15.0pt;\">\n<td class=\"xl64\" style=\"height: 15pt; width: 32pt; text-align: center;\" width=\"43\" height=\"20\">16<\/td>\n<td class=\"xl65\" style=\"width: 171pt; text-align: center;\" width=\"228\">\u0110o\u00e0n Ho\u00e0i Ph\u01b0\u01a1ng<\/td>\n<td class=\"xl65\" style=\"width: 171pt; text-align: center;\" width=\"228\">Coordinator<\/td>\n<td class=\"xl65\" style=\"width: 60pt; text-align: center;\" width=\"80\">5315<\/td>\n<td class=\"xl68\" style=\"width: 171pt; text-align: center;\" width=\"228\">phuongdth@neu.edu.vn<\/td>\n<\/tr>\n<tr>\n<td style=\"width: 32pt; text-align: center;\">17<\/td>\n<td style=\"width: 171pt; text-align: center;\">Tr\u1ea7n Th\u1ecb Ph\u01b0\u01a1ng Hi\u1ec1n<\/td>\n<td style=\"width: 171pt; text-align: center;\">Coordinator<\/td>\n<td style=\"width: 60pt; text-align: center;\">5323<\/td>\n<td style=\"width: 171pt; text-align: center;\">hientttp@neu.edu.vn<\/td>\n<\/tr>\n<tr>\n<td style=\"width: 32pt; text-align: center;\">18<\/td>\n<td style=\"width: 171pt; text-align: center;\">Tr\u1ea7n Minh Trang<\/td>\n<td style=\"width: 171pt; text-align: center;\">Coordinator<\/td>\n<td style=\"width: 60pt; text-align: center;\">5329<\/td>\n<td style=\"width: 171pt; text-align: center;\">trangtm@neu.edu.vn<\/td>\n<\/tr>\n<tr>\n<td style=\"width: 32pt; text-align: center;\">19<\/td>\n<td style=\"width: 171pt; text-align: center;\">Tr\u1ecbnh Nguy\u1ec5n Anh Kh\u00f4i<\/td>\n<td style=\"width: 171pt; text-align: center;\">Coordinator<\/td>\n<td style=\"width: 60pt; text-align: center;\">5330<\/td>\n<td style=\"width: 171pt; text-align: center;\">khoitna@neu.edu.vn<\/td>\n<\/tr>\n<\/tbody>\n<\/table>\n<\/td>\n<\/tr>\n<\/tbody>\n<colgroup>\n<col style=\"mso-width-source: userset; mso-width-alt: 1353; width: 28pt;\" width=\"37\" \/>\n<col style=\"mso-width-source: userset; mso-width-alt: 5522; width: 113pt;\" width=\"151\" \/>\n<col style=\"mso-width-source: userset; mso-width-alt: 10130; width: 208pt;\" width=\"277\" \/>\n<col style=\"mso-width-source: userset; mso-width-alt: 3657; width: 75pt;\" width=\"100\" \/>\n<col style=\"mso-width-source: userset; mso-width-alt: 6107; width: 125pt;\" width=\"167\" \/> <\/colgroup>\n<\/table>\n","protected":false},"excerpt":{"rendered":"<p>No Full name Position Ext Email 1 V\u0169 V\u0103n Ng\u1ecdc Dean 5323 ngocvv@neu.edu.vn 2 V\u0169 Ho\u00e0ng Nam Vice Dean 5314 namvh@neu.edu.vn 3 Ph\u1ea1m \u0110an Kh\u00e1nh Vice Dean 5320 khanhpd@neu.edu.vn 4 Nguy\u1ec5n Thanh Quy\u00ean Coordinator 5319 quyennt@neu.edu.vn 5 Nguy\u1ec5n Th\u1ecb Thu H\u00e0 Coordinator 5321 hantt@neu.edu.vn 6 Tr\u1ea7n Th\u1ecb Mai Anh Coordinator 5319 anhtm@neu.edu.vn 7 Ng\u00f4 Kim &#8230; <a title=\"CONTACT\" class=\"read-more\" href=\"https:\/\/aep.neu.edu.vn\/en\/lien-he\/\" aria-label=\"More on CONTACT\">Read more<\/a><\/p>\n","protected":false},"author":1,"featured_media":0,"parent":0,"menu_order":0,"comment_status":"closed","ping_status":"closed","template":"templates\/contact.php","meta":[],"acf":[],"yoast_head":"<!-- This site is optimized with the Yoast SEO plugin v19.4 - https:\/\/yoast.com\/wordpress\/plugins\/seo\/ -->\n<title>CONTACT - AEP<\/title>\n<meta name=\"robots\" content=\"index, follow, max-snippet:-1, max-image-preview:large, max-video-preview:-1\" \/>\n<link rel=\"canonical\" href=\"https:\/\/aep.neu.edu.vn\/en\/lien-he\/\" \/>\n<meta property=\"og:locale\" content=\"en_US\" \/>\n<meta property=\"og:type\" content=\"article\" \/>\n<meta property=\"og:title\" content=\"CONTACT - AEP\" \/>\n<meta property=\"og:description\" content=\"No Full name Position Ext Email 1 V\u0169 V\u0103n Ng\u1ecdc Dean 5323 ngocvv@neu.edu.vn 2 V\u0169 Ho\u00e0ng Nam Vice Dean 5314 namvh@neu.edu.vn 3 Ph\u1ea1m \u0110an Kh\u00e1nh Vice Dean 5320 khanhpd@neu.edu.vn 4 Nguy\u1ec5n Thanh Quy\u00ean Coordinator 5319 quyennt@neu.edu.vn 5 Nguy\u1ec5n Th\u1ecb Thu H\u00e0 Coordinator 5321 hantt@neu.edu.vn 6 Tr\u1ea7n Th\u1ecb Mai Anh Coordinator 5319 anhtm@neu.edu.vn 7 Ng\u00f4 Kim ... Read more\" \/>\n<meta property=\"og:url\" content=\"https:\/\/aep.neu.edu.vn\/en\/lien-he\/\" \/>\n<meta property=\"og:site_name\" content=\"AEP\" \/>\n<meta property=\"article:modified_time\" content=\"2025-09-07T08:42:12+00:00\" \/>\n<meta name=\"twitter:card\" content=\"summary_large_image\" \/>\n<meta name=\"twitter:label1\" content=\"Est. reading time\" \/>\n\t<meta name=\"twitter:data1\" content=\"1 minute\" \/>\n<script type=\"application\/ld+json\" class=\"yoast-schema-graph\">{\"@context\":\"https:\/\/schema.org\",\"@graph\":[{\"@type\":\"Organization\",\"@id\":\"https:\/\/aep.neu.edu.vn\/#organization\",\"name\":\"AEP\",\"url\":\"https:\/\/aep.neu.edu.vn\/\",\"sameAs\":[],\"logo\":{\"@type\":\"ImageObject\",\"inLanguage\":\"en\",\"@id\":\"https:\/\/aep.neu.edu.vn\/#\/schema\/logo\/image\/\",\"url\":\"https:\/\/aep.neu.edu.vn\/wp-content\/uploads\/2022\/11\/logo-AEp-CHUAN.svg\",\"contentUrl\":\"https:\/\/aep.neu.edu.vn\/wp-content\/uploads\/2022\/11\/logo-AEp-CHUAN.svg\",\"caption\":\"AEP\"},\"image\":{\"@id\":\"https:\/\/aep.neu.edu.vn\/#\/schema\/logo\/image\/\"}},{\"@type\":\"WebSite\",\"@id\":\"https:\/\/aep.neu.edu.vn\/#website\",\"url\":\"https:\/\/aep.neu.edu.vn\/\",\"name\":\"AEP\",\"description\":\"AEP\",\"publisher\":{\"@id\":\"https:\/\/aep.neu.edu.vn\/#organization\"},\"potentialAction\":[{\"@type\":\"SearchAction\",\"target\":{\"@type\":\"EntryPoint\",\"urlTemplate\":\"https:\/\/aep.neu.edu.vn\/?s={search_term_string}\"},\"query-input\":\"required name=search_term_string\"}],\"inLanguage\":\"en\"},{\"@type\":\"WebPage\",\"@id\":\"https:\/\/aep.neu.edu.vn\/en\/lien-he\/\",\"url\":\"https:\/\/aep.neu.edu.vn\/en\/lien-he\/\",\"name\":\"CONTACT - AEP\",\"isPartOf\":{\"@id\":\"https:\/\/aep.neu.edu.vn\/#website\"},\"datePublished\":\"2022-07-25T03:29:46+00:00\",\"dateModified\":\"2025-09-07T08:42:12+00:00\",\"breadcrumb\":{\"@id\":\"https:\/\/aep.neu.edu.vn\/en\/lien-he\/#breadcrumb\"},\"inLanguage\":\"en\",\"potentialAction\":[{\"@type\":\"ReadAction\",\"target\":[\"https:\/\/aep.neu.edu.vn\/en\/lien-he\/\"]}]},{\"@type\":\"BreadcrumbList\",\"@id\":\"https:\/\/aep.neu.edu.vn\/en\/lien-he\/#breadcrumb\",\"itemListElement\":[{\"@type\":\"ListItem\",\"position\":1,\"name\":\"Home\",\"item\":\"https:\/\/aep.neu.edu.vn\/en\/\"},{\"@type\":\"ListItem\",\"position\":2,\"name\":\"CONTACT\"}]}]}<\/script>\n<!-- \/ Yoast SEO plugin. -->","yoast_head_json":{"title":"CONTACT - AEP","robots":{"index":"index","follow":"follow","max-snippet":"max-snippet:-1","max-image-preview":"max-image-preview:large","max-video-preview":"max-video-preview:-1"},"canonical":"https:\/\/aep.neu.edu.vn\/en\/lien-he\/","og_locale":"en_US","og_type":"article","og_title":"CONTACT - AEP","og_description":"No Full name Position Ext Email 1 V\u0169 V\u0103n Ng\u1ecdc Dean 5323 ngocvv@neu.edu.vn 2 V\u0169 Ho\u00e0ng Nam Vice Dean 5314 namvh@neu.edu.vn 3 Ph\u1ea1m \u0110an Kh\u00e1nh Vice Dean 5320 khanhpd@neu.edu.vn 4 Nguy\u1ec5n Thanh Quy\u00ean Coordinator 5319 quyennt@neu.edu.vn 5 Nguy\u1ec5n Th\u1ecb Thu H\u00e0 Coordinator 5321 hantt@neu.edu.vn 6 Tr\u1ea7n Th\u1ecb Mai Anh Coordinator 5319 anhtm@neu.edu.vn 7 Ng\u00f4 Kim ... Read more","og_url":"https:\/\/aep.neu.edu.vn\/en\/lien-he\/","og_site_name":"AEP","article_modified_time":"2025-09-07T08:42:12+00:00","twitter_card":"summary_large_image","twitter_misc":{"Est. reading time":"1 minute"},"schema":{"@context":"https:\/\/schema.org","@graph":[{"@type":"Organization","@id":"https:\/\/aep.neu.edu.vn\/#organization","name":"AEP","url":"https:\/\/aep.neu.edu.vn\/","sameAs":[],"logo":{"@type":"ImageObject","inLanguage":"en","@id":"https:\/\/aep.neu.edu.vn\/#\/schema\/logo\/image\/","url":"https:\/\/aep.neu.edu.vn\/wp-content\/uploads\/2022\/11\/logo-AEp-CHUAN.svg","contentUrl":"https:\/\/aep.neu.edu.vn\/wp-content\/uploads\/2022\/11\/logo-AEp-CHUAN.svg","caption":"AEP"},"image":{"@id":"https:\/\/aep.neu.edu.vn\/#\/schema\/logo\/image\/"}},{"@type":"WebSite","@id":"https:\/\/aep.neu.edu.vn\/#website","url":"https:\/\/aep.neu.edu.vn\/","name":"AEP","description":"AEP","publisher":{"@id":"https:\/\/aep.neu.edu.vn\/#organization"},"potentialAction":[{"@type":"SearchAction","target":{"@type":"EntryPoint","urlTemplate":"https:\/\/aep.neu.edu.vn\/?s={search_term_string}"},"query-input":"required name=search_term_string"}],"inLanguage":"en"},{"@type":"WebPage","@id":"https:\/\/aep.neu.edu.vn\/en\/lien-he\/","url":"https:\/\/aep.neu.edu.vn\/en\/lien-he\/","name":"CONTACT - AEP","isPartOf":{"@id":"https:\/\/aep.neu.edu.vn\/#website"},"datePublished":"2022-07-25T03:29:46+00:00","dateModified":"2025-09-07T08:42:12+00:00","breadcrumb":{"@id":"https:\/\/aep.neu.edu.vn\/en\/lien-he\/#breadcrumb"},"inLanguage":"en","potentialAction":[{"@type":"ReadAction","target":["https:\/\/aep.neu.edu.vn\/en\/lien-he\/"]}]},{"@type":"BreadcrumbList","@id":"https:\/\/aep.neu.edu.vn\/en\/lien-he\/#breadcrumb","itemListElement":[{"@type":"ListItem","position":1,"name":"Home","item":"https:\/\/aep.neu.edu.vn\/en\/"},{"@type":"ListItem","position":2,"name":"CONTACT"}]}]}},"_links":{"self":[{"href":"https:\/\/aep.neu.edu.vn\/en\/wp-json\/wp\/v2\/pages\/1316"}],"collection":[{"href":"https:\/\/aep.neu.edu.vn\/en\/wp-json\/wp\/v2\/pages"}],"about":[{"href":"https:\/\/aep.neu.edu.vn\/en\/wp-json\/wp\/v2\/types\/page"}],"author":[{"embeddable":true,"href":"https:\/\/aep.neu.edu.vn\/en\/wp-json\/wp\/v2\/users\/1"}],"replies":[{"embeddable":true,"href":"https:\/\/aep.neu.edu.vn\/en\/wp-json\/wp\/v2\/comments?post=1316"}],"version-history":[{"count":8,"href":"https:\/\/aep.neu.edu.vn\/en\/wp-json\/wp\/v2\/pages\/1316\/revisions"}],"predecessor-version":[{"id":8565,"href":"https:\/\/aep.neu.edu.vn\/en\/wp-json\/wp\/v2\/pages\/1316\/revisions\/8565"}],"wp:attachment":[{"href":"https:\/\/aep.neu.edu.vn\/en\/wp-json\/wp\/v2\/media?parent=1316"}],"curies":[{"name":"wp","href":"https:\/\/api.w.org\/{rel}","templated":true}]}}